{"id":26,"date":"2023-08-28T23:03:54","date_gmt":"2023-08-28T21:03:54","guid":{"rendered":"https:\/\/btg-stage.thalon.me\/index.php\/imprint\/"},"modified":"2023-09-08T15:57:34","modified_gmt":"2023-09-08T13:57:34","slug":"imprint","status":"publish","type":"page","link":"https:\/\/bridgethegap.consulting\/index.php\/imprint\/","title":{"rendered":"Imprint"},"content":{"rendered":"\n<p>T<em>his imprint was last updated on 2023-09-08.<\/em><\/p>\n\n\n\n<p>The owner of this website is:<\/p>\n\n\n\n<p>Bridge the Gap<br>c\/o Christian Bayerlein<br>L\u00f6hrstra\u00dfe 107<br>56068 Koblenz<br>Germany<br>Email:&nbsp;info@bridgethegap.consulting<br>Phone number: +491792270352<\/p>\n\n\n\n<p>The legal representative(s) of Bridge the Gap:<\/p>\n\n\n\n<p>Christian Bayerlein and Bj\u00f6rn Lubetzki<\/p>\n\n\n\n<h2 class=\"wp-block-heading\">1. General<\/h2>\n\n\n\n<p>We are not willing or obliged to participate in dispute resolution procedures before a consumer arbitration board.<\/p>\n\n\n\n<h2 class=\"wp-block-heading\">2. The following information is mandatory according to German law.<\/h2>\n\n\n\n<p>2.1 Wir stellen journalistische und redaktionell aufbereitete Inhalte zur Verf\u00fcgung.<\/p>\n\n\n\n<p>Daher m\u00fcssen wir den Namen und den Wohnort der Person nennen, die f\u00fcr den Inhalt dieser Website verantwortlich ist:<br><br>Verantwortlich f\u00fcr den Inhalt nach \u00a7 18 Abs. 2 MStV ist: Christian Bayerlein aus L\u00f6hrstr. 107, 56068 Koblenz, Germany.<\/p>\n","protected":false},"excerpt":{"rendered":"<div class=\"entry-summary\">\nThis imprint was last updated on 2023-09-08. The owner of this website is: Bridge the Gapc\/o Christian BayerleinL\u00f6hrstra\u00dfe 10756068 KoblenzGermanyEmail:&nbsp;info@bridgethegap.consultingPhone&hellip;\n<\/div>\n<div class=\"link-more\"><a href=\"https:\/\/bridgethegap.consulting\/index.php\/imprint\/\" class=\"more-link\">Continue reading<span class=\"screen-reader-text\"> &ldquo;Imprint&rdquo;<\/span>&hellip;<\/a><\/div>\n","protected":false},"author":1,"featured_media":0,"parent":0,"menu_order":0,"comment_status":"closed","ping_status":"closed","template":"","meta":{"footnotes":""},"class_list":["post-26","page","type-page","status-publish","hentry","entry"],"_links":{"self":[{"href":"https:\/\/bridgethegap.consulting\/index.php\/wp-json\/wp\/v2\/pages\/26","targetHints":{"allow":["GET"]}}],"collection":[{"href":"https:\/\/bridgethegap.consulting\/index.php\/wp-json\/wp\/v2\/pages"}],"about":[{"href":"https:\/\/bridgethegap.consulting\/index.php\/wp-json\/wp\/v2\/types\/page"}],"author":[{"embeddable":true,"href":"https:\/\/bridgethegap.consulting\/index.php\/wp-json\/wp\/v2\/users\/1"}],"replies":[{"embeddable":true,"href":"https:\/\/bridgethegap.consulting\/index.php\/wp-json\/wp\/v2\/comments?post=26"}],"version-history":[{"count":2,"href":"https:\/\/bridgethegap.consulting\/index.php\/wp-json\/wp\/v2\/pages\/26\/revisions"}],"predecessor-version":[{"id":96,"href":"https:\/\/bridgethegap.consulting\/index.php\/wp-json\/wp\/v2\/pages\/26\/revisions\/96"}],"wp:attachment":[{"href":"https:\/\/bridgethegap.consulting\/index.php\/wp-json\/wp\/v2\/media?parent=26"}],"curies":[{"name":"wp","href":"https:\/\/api.w.org\/{rel}","templated":true}]}}